{"id":8321,"date":"2022-03-28T16:01:12","date_gmt":"2022-03-28T14:01:12","guid":{"rendered":"https:\/\/www.lagorataormina.com\/?post_type=product&#038;p=8321"},"modified":"2022-03-28T16:50:53","modified_gmt":"2022-03-28T14:50:53","slug":"theatre-antique-de-taormine","status":"publish","type":"product","link":"https:\/\/www.lagorataormina.com\/en\/shop\/antique-prints\/antique-vistas\/theatre-antique-de-taormine\/","title":{"rendered":"Theatre antique de Taormine (Sicile)"},"content":{"rendered":"","protected":false},"excerpt":{"rendered":"<div><\/div>\n<div>Theatre antique de Taormine (Sicile). Vue perspective de l&#8217;\u00e9tat actuel. Face.Simile d&#8217;un dessin (Sepia) de Viollet-Le-Duc (r\u00e9duction aux deux cinqui\u00e8mes)<\/div>\n<div><\/div>\n<div>Interessante veduta panoramica di Taormina ideata dal fotografo e grafico francese Paul Dujardin ispirandosi all&#8217; acqerello del connazionale\u00a0Eug\u00e8ne Emmanuel Viollet-le-Duc, architetto famoso per i suoi lavori di restauro tra cui la Cattedrale di Notre-Dame di Parigi. Con una tecnica simile al photoshop P- Dujardin ha incastrato perfettamente due immagini: quella del Teatro antico di Taormina con quella di uno dei suoi panorami pi\u00f9 iconici, creando una veduta tanto fantastica quanto eccezionale, soprattutto se rapportata alle tecniche fotografiche ed incisorie del tempo.<\/div>\n<div><\/div>\n<p><strong>Autore:\u00a0<\/strong>Paul Dujardin \/ Eug\u00e8ne-Emmanuel Viollet-Le-Duc<\/p>\n<p><strong>Anno: <\/strong>1884<\/p>\n<p><strong>Misure:<\/strong>\u00a0cm 30 x 84<\/p>\n<p><strong>Tecnica: <\/strong>Eliografia<\/p>\n<p>&nbsp;<\/p>\n","protected":false},"featured_media":8327,"template":"","meta":{"ocean_post_layout":"","ocean_both_sidebars_style":"","ocean_both_sidebars_content_width":0,"ocean_both_sidebars_sidebars_width":0,"ocean_sidebar":"0","ocean_second_sidebar":"0","ocean_disable_margins":"enable","ocean_add_body_class":"","ocean_shortcode_before_top_bar":"","ocean_shortcode_after_top_bar":"","ocean_shortcode_before_header":"","ocean_shortcode_after_header":"","ocean_has_shortcode":"","ocean_shortcode_after_title":"","ocean_shortcode_before_footer_widgets":"","ocean_shortcode_after_footer_widgets":"","ocean_shortcode_before_footer_bottom":"","ocean_shortcode_after_footer_bottom":"","ocean_display_top_bar":"default","ocean_display_header":"default","ocean_header_style":"","ocean_center_header_left_menu":"0","ocean_custom_header_template":"0","ocean_custom_logo":0,"ocean_custom_retina_logo":0,"ocean_custom_logo_max_width":0,"ocean_custom_logo_tablet_max_width":0,"ocean_custom_logo_mobile_max_width":0,"ocean_custom_logo_max_height":0,"ocean_custom_logo_tablet_max_height":0,"ocean_custom_logo_mobile_max_height":0,"ocean_header_custom_menu":"0","ocean_menu_typo_font_family":"0","ocean_menu_typo_font_subset":"","ocean_menu_typo_font_size":0,"ocean_menu_typo_font_size_tablet":0,"ocean_menu_typo_font_size_mobile":0,"ocean_menu_typo_font_size_unit":"px","ocean_menu_typo_font_weight":"","ocean_menu_typo_font_weight_tablet":"","ocean_menu_typo_font_weight_mobile":"","ocean_menu_typo_transform":"","ocean_menu_typo_transform_tablet":"","ocean_menu_typo_transform_mobile":"","ocean_menu_typo_line_height":0,"ocean_menu_typo_line_height_tablet":0,"ocean_menu_typo_line_height_mobile":0,"ocean_menu_typo_line_height_unit":"","ocean_menu_typo_spacing":0,"ocean_menu_typo_spacing_tablet":0,"ocean_menu_typo_spacing_mobile":0,"ocean_menu_typo_spacing_unit":"","ocean_menu_link_color":"","ocean_menu_link_color_hover":"","ocean_menu_link_color_active":"","ocean_menu_link_background":"","ocean_menu_link_hover_background":"","ocean_menu_link_active_background":"","ocean_menu_social_links_bg":"","ocean_menu_social_hover_links_bg":"","ocean_menu_social_links_color":"","ocean_menu_social_hover_links_color":"","ocean_disable_title":"default","ocean_disable_heading":"default","ocean_post_title":"","ocean_post_subheading":"","ocean_post_title_style":"","ocean_post_title_background_color":"","ocean_post_title_background":0,"ocean_post_title_bg_image_position":"","ocean_post_title_bg_image_attachment":"","ocean_post_title_bg_image_repeat":"","ocean_post_title_bg_image_size":"","ocean_post_title_height":0,"ocean_post_title_bg_overlay":0.5,"ocean_post_title_bg_overlay_color":"","ocean_disable_breadcrumbs":"default","ocean_breadcrumbs_color":"","ocean_breadcrumbs_separator_color":"","ocean_breadcrumbs_links_color":"","ocean_breadcrumbs_links_hover_color":"","ocean_display_footer_widgets":"default","ocean_display_footer_bottom":"default","ocean_custom_footer_template":"0","ofc_enable_fullscreen":"disable","ofc_fullscreen_speed":0,"ofc_fullscreen_nav":"enable","ofc_fullscreen_nav_pos":"right","ofc_fullscreen_nav_color":"","ofc_fullscreen_nav_tooltip_color":"","ofc_fullscreen_responsive":0,"osh_disable_topbar_sticky":"default","osh_disable_header_sticky":"default","osh_sticky_header_style":"default","osh_sticky_header_effect":"","osh_custom_sticky_logo":0,"osh_custom_retina_sticky_logo":0,"osh_custom_sticky_logo_height":0,"osh_background_color":"","osh_links_color":"","osh_links_hover_color":"","osh_links_active_color":"","osh_links_bg_color":"","osh_links_hover_bg_color":"","osh_links_active_bg_color":"","osh_menu_social_links_color":"","osh_menu_social_hover_links_color":""},"product_brand":[],"product_cat":[241,244,236],"product_tag":[298,289],"class_list":{"0":"post-8321","1":"product","2":"type-product","3":"status-publish","4":"has-post-thumbnail","6":"product_cat-antique-prints","7":"product_cat-antique-vistas","8":"product_cat-unique-pieces","9":"product_tag-greek-theater","10":"product_tag-taormina-en","12":"entry","13":"has-media","15":"first","16":"instock","17":"sold-individually","18":"taxable","19":"shipping-taxable","20":"product-type-simple","21":"has-product-nav","22":"col","23":"span_1_of_4","24":"owp-content-center","25":"owp-thumbs-layout-horizontal","26":"owp-btn-normal","27":"owp-tabs-layout-horizontal"},"yoast_head":"<!-- This site is optimized with the Yoast SEO plugin v27.3 - https:\/\/yoast.com\/product\/yoast-seo-wordpress\/ -->\n<title>Theatre antique de Taormine (Sicile) - Galleria d&#039;arte L&#039;Agora Taormina<\/title>\n<meta name=\"description\" content=\"Interessante veduta di Taormina dell fotografo e grafico francese P. Dujardin tratta da un&#039; acquerello di Eug\u00e8ne Emmanuel Viollet-le-Duc\" \/>\n<meta name=\"robots\" content=\"index, follow, max-snippet:-1, max-image-preview:large, max-video-preview:-1\" \/>\n<link rel=\"canonical\" href=\"https:\/\/www.lagorataormina.com\/en\/shop\/antique-prints\/antique-vistas\/theatre-antique-de-taormine\/\" \/>\n<meta property=\"og:locale\" content=\"en_US\" \/>\n<meta property=\"og:type\" content=\"article\" \/>\n<meta property=\"og:title\" content=\"Theatre antique de Taormine (Sicile) - Galleria d&#039;arte L&#039;Agora Taormina\" \/>\n<meta property=\"og:description\" content=\"Interessante veduta di Taormina dell fotografo e grafico francese P. Dujardin tratta da un&#039; acquerello di Eug\u00e8ne Emmanuel Viollet-le-Duc\" \/>\n<meta property=\"og:url\" content=\"https:\/\/www.lagorataormina.com\/en\/shop\/antique-prints\/antique-vistas\/theatre-antique-de-taormine\/\" \/>\n<meta property=\"og:site_name\" content=\"Galleria d&#039;arte L&#039;Agora Taormina\" \/>\n<meta property=\"article:publisher\" content=\"https:\/\/www.facebook.com\/lagora.taormina\" \/>\n<meta property=\"article:modified_time\" content=\"2022-03-28T14:50:53+00:00\" \/>\n<meta property=\"og:image\" content=\"https:\/\/www.lagorataormina.com\/wp-content\/uploads\/2022\/03\/sav-055-Theatre-antique-de-Taormine-Sicile-3.jpg\" \/>\n\t<meta property=\"og:image:width\" content=\"1000\" \/>\n\t<meta property=\"og:image:height\" content=\"319\" \/>\n\t<meta property=\"og:image:type\" content=\"image\/jpeg\" \/>\n<meta name=\"twitter:card\" content=\"summary_large_image\" \/>\n<script type=\"application\/ld+json\" class=\"yoast-schema-graph\">{\"@context\":\"https:\\\/\\\/schema.org\",\"@graph\":[{\"@type\":\"WebPage\",\"@id\":\"https:\\\/\\\/www.lagorataormina.com\\\/en\\\/shop\\\/antique-prints\\\/antique-vistas\\\/theatre-antique-de-taormine\\\/\",\"url\":\"https:\\\/\\\/www.lagorataormina.com\\\/en\\\/shop\\\/antique-prints\\\/antique-vistas\\\/theatre-antique-de-taormine\\\/\",\"name\":\"Theatre antique de Taormine (Sicile) - Galleria d'arte L'Agora Taormina\",\"isPartOf\":{\"@id\":\"https:\\\/\\\/www.lagorataormina.com\\\/en\\\/#website\"},\"primaryImageOfPage\":{\"@id\":\"https:\\\/\\\/www.lagorataormina.com\\\/en\\\/shop\\\/antique-prints\\\/antique-vistas\\\/theatre-antique-de-taormine\\\/#primaryimage\"},\"image\":{\"@id\":\"https:\\\/\\\/www.lagorataormina.com\\\/en\\\/shop\\\/antique-prints\\\/antique-vistas\\\/theatre-antique-de-taormine\\\/#primaryimage\"},\"thumbnailUrl\":\"https:\\\/\\\/www.lagorataormina.com\\\/wp-content\\\/uploads\\\/2022\\\/03\\\/sav-055-Theatre-antique-de-Taormine-Sicile-3.jpg\",\"datePublished\":\"2022-03-28T14:01:12+00:00\",\"dateModified\":\"2022-03-28T14:50:53+00:00\",\"description\":\"Interessante veduta di Taormina dell fotografo e grafico francese P. Dujardin tratta da un' acquerello di Eug\u00e8ne Emmanuel Viollet-le-Duc\",\"breadcrumb\":{\"@id\":\"https:\\\/\\\/www.lagorataormina.com\\\/en\\\/shop\\\/antique-prints\\\/antique-vistas\\\/theatre-antique-de-taormine\\\/#breadcrumb\"},\"inLanguage\":\"en-US\",\"potentialAction\":[{\"@type\":\"ReadAction\",\"target\":[\"https:\\\/\\\/www.lagorataormina.com\\\/en\\\/shop\\\/antique-prints\\\/antique-vistas\\\/theatre-antique-de-taormine\\\/\"]}]},{\"@type\":\"ImageObject\",\"inLanguage\":\"en-US\",\"@id\":\"https:\\\/\\\/www.lagorataormina.com\\\/en\\\/shop\\\/antique-prints\\\/antique-vistas\\\/theatre-antique-de-taormine\\\/#primaryimage\",\"url\":\"https:\\\/\\\/www.lagorataormina.com\\\/wp-content\\\/uploads\\\/2022\\\/03\\\/sav-055-Theatre-antique-de-Taormine-Sicile-3.jpg\",\"contentUrl\":\"https:\\\/\\\/www.lagorataormina.com\\\/wp-content\\\/uploads\\\/2022\\\/03\\\/sav-055-Theatre-antique-de-Taormine-Sicile-3.jpg\",\"width\":1000,\"height\":319,\"caption\":\"Eug\u00e8ne Emmanuel Viollet-le-Duc\"},{\"@type\":\"BreadcrumbList\",\"@id\":\"https:\\\/\\\/www.lagorataormina.com\\\/en\\\/shop\\\/antique-prints\\\/antique-vistas\\\/theatre-antique-de-taormine\\\/#breadcrumb\",\"itemListElement\":[{\"@type\":\"ListItem\",\"position\":1,\"name\":\"Home\",\"item\":\"https:\\\/\\\/www.lagorataormina.com\\\/en\\\/\"},{\"@type\":\"ListItem\",\"position\":2,\"name\":\"Shop\",\"item\":\"https:\\\/\\\/www.lagorataormina.com\\\/negozio\\\/\"},{\"@type\":\"ListItem\",\"position\":3,\"name\":\"Antique prints\",\"item\":\"https:\\\/\\\/www.lagorataormina.com\\\/en\\\/category\\\/antique-prints\\\/\"},{\"@type\":\"ListItem\",\"position\":4,\"name\":\"Antique Prints - Vistas\",\"item\":\"https:\\\/\\\/www.lagorataormina.com\\\/en\\\/category\\\/antique-prints\\\/antique-vistas\\\/\"},{\"@type\":\"ListItem\",\"position\":5,\"name\":\"Theatre antique de Taormine (Sicile)\"}]},{\"@type\":\"WebSite\",\"@id\":\"https:\\\/\\\/www.lagorataormina.com\\\/en\\\/#website\",\"url\":\"https:\\\/\\\/www.lagorataormina.com\\\/en\\\/\",\"name\":\"Galleria d'arte L'Agora Taormina\",\"description\":\"Passione di famiglia\",\"publisher\":{\"@id\":\"https:\\\/\\\/www.lagorataormina.com\\\/en\\\/#organization\"},\"potentialAction\":[{\"@type\":\"SearchAction\",\"target\":{\"@type\":\"EntryPoint\",\"urlTemplate\":\"https:\\\/\\\/www.lagorataormina.com\\\/en\\\/?s={search_term_string}\"},\"query-input\":{\"@type\":\"PropertyValueSpecification\",\"valueRequired\":true,\"valueName\":\"search_term_string\"}}],\"inLanguage\":\"en-US\"},{\"@type\":\"Organization\",\"@id\":\"https:\\\/\\\/www.lagorataormina.com\\\/en\\\/#organization\",\"name\":\"L'Agor\u00e0 Taormina\",\"url\":\"https:\\\/\\\/www.lagorataormina.com\\\/en\\\/\",\"logo\":{\"@type\":\"ImageObject\",\"inLanguage\":\"en-US\",\"@id\":\"https:\\\/\\\/www.lagorataormina.com\\\/en\\\/#\\\/schema\\\/logo\\\/image\\\/\",\"url\":\"\",\"contentUrl\":\"\",\"caption\":\"L'Agor\u00e0 Taormina\"},\"image\":{\"@id\":\"https:\\\/\\\/www.lagorataormina.com\\\/en\\\/#\\\/schema\\\/logo\\\/image\\\/\"},\"sameAs\":[\"https:\\\/\\\/www.facebook.com\\\/lagora.taormina\",\"https:\\\/\\\/www.instagram.com\\\/lagora_taormina\\\/\"]}]}<\/script>\n<!-- \/ Yoast SEO plugin. -->","yoast_head_json":{"title":"Theatre antique de Taormine (Sicile) - Galleria d'arte L'Agora Taormina","description":"Interessante veduta di Taormina dell fotografo e grafico francese P. Dujardin tratta da un' acquerello di Eug\u00e8ne Emmanuel Viollet-le-Duc","robots":{"index":"index","follow":"follow","max-snippet":"max-snippet:-1","max-image-preview":"max-image-preview:large","max-video-preview":"max-video-preview:-1"},"canonical":"https:\/\/www.lagorataormina.com\/en\/shop\/antique-prints\/antique-vistas\/theatre-antique-de-taormine\/","og_locale":"en_US","og_type":"article","og_title":"Theatre antique de Taormine (Sicile) - Galleria d'arte L'Agora Taormina","og_description":"Interessante veduta di Taormina dell fotografo e grafico francese P. Dujardin tratta da un' acquerello di Eug\u00e8ne Emmanuel Viollet-le-Duc","og_url":"https:\/\/www.lagorataormina.com\/en\/shop\/antique-prints\/antique-vistas\/theatre-antique-de-taormine\/","og_site_name":"Galleria d'arte L'Agora Taormina","article_publisher":"https:\/\/www.facebook.com\/lagora.taormina","article_modified_time":"2022-03-28T14:50:53+00:00","og_image":[{"width":1000,"height":319,"url":"https:\/\/www.lagorataormina.com\/wp-content\/uploads\/2022\/03\/sav-055-Theatre-antique-de-Taormine-Sicile-3.jpg","type":"image\/jpeg"}],"twitter_card":"summary_large_image","schema":{"@context":"https:\/\/schema.org","@graph":[{"@type":"WebPage","@id":"https:\/\/www.lagorataormina.com\/en\/shop\/antique-prints\/antique-vistas\/theatre-antique-de-taormine\/","url":"https:\/\/www.lagorataormina.com\/en\/shop\/antique-prints\/antique-vistas\/theatre-antique-de-taormine\/","name":"Theatre antique de Taormine (Sicile) - Galleria d'arte L'Agora Taormina","isPartOf":{"@id":"https:\/\/www.lagorataormina.com\/en\/#website"},"primaryImageOfPage":{"@id":"https:\/\/www.lagorataormina.com\/en\/shop\/antique-prints\/antique-vistas\/theatre-antique-de-taormine\/#primaryimage"},"image":{"@id":"https:\/\/www.lagorataormina.com\/en\/shop\/antique-prints\/antique-vistas\/theatre-antique-de-taormine\/#primaryimage"},"thumbnailUrl":"https:\/\/www.lagorataormina.com\/wp-content\/uploads\/2022\/03\/sav-055-Theatre-antique-de-Taormine-Sicile-3.jpg","datePublished":"2022-03-28T14:01:12+00:00","dateModified":"2022-03-28T14:50:53+00:00","description":"Interessante veduta di Taormina dell fotografo e grafico francese P. Dujardin tratta da un' acquerello di Eug\u00e8ne Emmanuel Viollet-le-Duc","breadcrumb":{"@id":"https:\/\/www.lagorataormina.com\/en\/shop\/antique-prints\/antique-vistas\/theatre-antique-de-taormine\/#breadcrumb"},"inLanguage":"en-US","potentialAction":[{"@type":"ReadAction","target":["https:\/\/www.lagorataormina.com\/en\/shop\/antique-prints\/antique-vistas\/theatre-antique-de-taormine\/"]}]},{"@type":"ImageObject","inLanguage":"en-US","@id":"https:\/\/www.lagorataormina.com\/en\/shop\/antique-prints\/antique-vistas\/theatre-antique-de-taormine\/#primaryimage","url":"https:\/\/www.lagorataormina.com\/wp-content\/uploads\/2022\/03\/sav-055-Theatre-antique-de-Taormine-Sicile-3.jpg","contentUrl":"https:\/\/www.lagorataormina.com\/wp-content\/uploads\/2022\/03\/sav-055-Theatre-antique-de-Taormine-Sicile-3.jpg","width":1000,"height":319,"caption":"Eug\u00e8ne Emmanuel Viollet-le-Duc"},{"@type":"BreadcrumbList","@id":"https:\/\/www.lagorataormina.com\/en\/shop\/antique-prints\/antique-vistas\/theatre-antique-de-taormine\/#breadcrumb","itemListElement":[{"@type":"ListItem","position":1,"name":"Home","item":"https:\/\/www.lagorataormina.com\/en\/"},{"@type":"ListItem","position":2,"name":"Shop","item":"https:\/\/www.lagorataormina.com\/negozio\/"},{"@type":"ListItem","position":3,"name":"Antique prints","item":"https:\/\/www.lagorataormina.com\/en\/category\/antique-prints\/"},{"@type":"ListItem","position":4,"name":"Antique Prints - Vistas","item":"https:\/\/www.lagorataormina.com\/en\/category\/antique-prints\/antique-vistas\/"},{"@type":"ListItem","position":5,"name":"Theatre antique de Taormine (Sicile)"}]},{"@type":"WebSite","@id":"https:\/\/www.lagorataormina.com\/en\/#website","url":"https:\/\/www.lagorataormina.com\/en\/","name":"Galleria d'arte L'Agora Taormina","description":"Passione di famiglia","publisher":{"@id":"https:\/\/www.lagorataormina.com\/en\/#organization"},"potentialAction":[{"@type":"SearchAction","target":{"@type":"EntryPoint","urlTemplate":"https:\/\/www.lagorataormina.com\/en\/?s={search_term_string}"},"query-input":{"@type":"PropertyValueSpecification","valueRequired":true,"valueName":"search_term_string"}}],"inLanguage":"en-US"},{"@type":"Organization","@id":"https:\/\/www.lagorataormina.com\/en\/#organization","name":"L'Agor\u00e0 Taormina","url":"https:\/\/www.lagorataormina.com\/en\/","logo":{"@type":"ImageObject","inLanguage":"en-US","@id":"https:\/\/www.lagorataormina.com\/en\/#\/schema\/logo\/image\/","url":"","contentUrl":"","caption":"L'Agor\u00e0 Taormina"},"image":{"@id":"https:\/\/www.lagorataormina.com\/en\/#\/schema\/logo\/image\/"},"sameAs":["https:\/\/www.facebook.com\/lagora.taormina","https:\/\/www.instagram.com\/lagora_taormina\/"]}]}},"_links":{"self":[{"href":"https:\/\/www.lagorataormina.com\/en\/wp-json\/wp\/v2\/product\/8321","targetHints":{"allow":["GET"]}}],"collection":[{"href":"https:\/\/www.lagorataormina.com\/en\/wp-json\/wp\/v2\/product"}],"about":[{"href":"https:\/\/www.lagorataormina.com\/en\/wp-json\/wp\/v2\/types\/product"}],"version-history":[{"count":0,"href":"https:\/\/www.lagorataormina.com\/en\/wp-json\/wp\/v2\/product\/8321\/revisions"}],"wp:featuredmedia":[{"embeddable":true,"href":"https:\/\/www.lagorataormina.com\/en\/wp-json\/wp\/v2\/media\/8327"}],"wp:attachment":[{"href":"https:\/\/www.lagorataormina.com\/en\/wp-json\/wp\/v2\/media?parent=8321"}],"wp:term":[{"taxonomy":"product_brand","embeddable":true,"href":"https:\/\/www.lagorataormina.com\/en\/wp-json\/wp\/v2\/product_brand?post=8321"},{"taxonomy":"product_cat","embeddable":true,"href":"https:\/\/www.lagorataormina.com\/en\/wp-json\/wp\/v2\/product_cat?post=8321"},{"taxonomy":"product_tag","embeddable":true,"href":"https:\/\/www.lagorataormina.com\/en\/wp-json\/wp\/v2\/product_tag?post=8321"}],"curies":[{"name":"wp","href":"https:\/\/api.w.org\/{rel}","templated":true}]}}