{"id":8178,"date":"2022-03-22T10:23:52","date_gmt":"2022-03-22T09:23:52","guid":{"rendered":"https:\/\/www.lagorataormina.com\/?post_type=product&#038;p=8178"},"modified":"2022-03-22T11:06:22","modified_gmt":"2022-03-22T10:06:22","slug":"brucke-la-nunziata-unter-den-berg-vesuvio","status":"publish","type":"product","link":"https:\/\/www.lagorataormina.com\/en\/shop\/antique-prints\/antique-vistas\/brucke-la-nunziata-unter-den-berg-vesuvio\/","title":{"rendered":"Br\u00fccke la Nunziata unter den Berg Vesuvio"},"content":{"rendered":"","protected":false},"excerpt":{"rendered":"<div>\n<p id=\"tw-target-text\" class=\"tw-data-text tw-text-large tw-ta\" dir=\"ltr\" data-placeholder=\"Traduzione\"><span class=\"Y2IQFc\" lang=\"it\">&#8220;Ponte la Nunziata sotto il Vesuvio&#8221;. Veduta del vulcano fumante, davanti alla piazza Nunziata con \u00a0in primo piano il ponte. Tratta dall&#8217; opera <i>&#8220;Werk\u00a0Historischer Schauplatz merkw\u00fcrdiger Br\u00fccken&#8221; <\/i>che offre uno studio dei ponti pi\u00f9 particolari e delle differenti tecniche di costruzione. Segue una traduzione della didascalia.<\/span><\/p>\n<\/div>\n<div>A. Ponte la Nunziata<br \/>\nB. La Nunziata coperta dei ceneri<br \/>\nC. Crepa (o frattura) sul Vesuvio, dalla quale fuoresce il fuoco<br \/>\nD. Dintorni della citt\u00e0 di Napoli<br \/>\nE. Montagne innevate in direzione della Puglia<br \/>\nG. Spledido vigneto con alberi di limone, melograno ed arancio<\/div>\n<div><\/div>\n<p><strong>Autore:\u00a0<\/strong>Johann Wilhelm St\u00f6r (1705-1765)<\/p>\n<p><strong>Anno:<\/strong>\u00a01735<\/p>\n<p><strong>Misure:<\/strong>\u00a0cm 22,5 x 32,5 foglio<\/p>\n<p><strong>Tecnica: <\/strong>Incisione su rame<\/p>\n<p>&nbsp;<\/p>\n","protected":false},"featured_media":8180,"template":"","meta":{"ocean_post_layout":"","ocean_both_sidebars_style":"","ocean_both_sidebars_content_width":0,"ocean_both_sidebars_sidebars_width":0,"ocean_sidebar":"0","ocean_second_sidebar":"0","ocean_disable_margins":"enable","ocean_add_body_class":"","ocean_shortcode_before_top_bar":"","ocean_shortcode_after_top_bar":"","ocean_shortcode_before_header":"","ocean_shortcode_after_header":"","ocean_has_shortcode":"","ocean_shortcode_after_title":"","ocean_shortcode_before_footer_widgets":"","ocean_shortcode_after_footer_widgets":"","ocean_shortcode_before_footer_bottom":"","ocean_shortcode_after_footer_bottom":"","ocean_display_top_bar":"default","ocean_display_header":"default","ocean_header_style":"","ocean_center_header_left_menu":"0","ocean_custom_header_template":"0","ocean_custom_logo":0,"ocean_custom_retina_logo":0,"ocean_custom_logo_max_width":0,"ocean_custom_logo_tablet_max_width":0,"ocean_custom_logo_mobile_max_width":0,"ocean_custom_logo_max_height":0,"ocean_custom_logo_tablet_max_height":0,"ocean_custom_logo_mobile_max_height":0,"ocean_header_custom_menu":"0","ocean_menu_typo_font_family":"0","ocean_menu_typo_font_subset":"","ocean_menu_typo_font_size":0,"ocean_menu_typo_font_size_tablet":0,"ocean_menu_typo_font_size_mobile":0,"ocean_menu_typo_font_size_unit":"px","ocean_menu_typo_font_weight":"","ocean_menu_typo_font_weight_tablet":"","ocean_menu_typo_font_weight_mobile":"","ocean_menu_typo_transform":"","ocean_menu_typo_transform_tablet":"","ocean_menu_typo_transform_mobile":"","ocean_menu_typo_line_height":0,"ocean_menu_typo_line_height_tablet":0,"ocean_menu_typo_line_height_mobile":0,"ocean_menu_typo_line_height_unit":"","ocean_menu_typo_spacing":0,"ocean_menu_typo_spacing_tablet":0,"ocean_menu_typo_spacing_mobile":0,"ocean_menu_typo_spacing_unit":"","ocean_menu_link_color":"","ocean_menu_link_color_hover":"","ocean_menu_link_color_active":"","ocean_menu_link_background":"","ocean_menu_link_hover_background":"","ocean_menu_link_active_background":"","ocean_menu_social_links_bg":"","ocean_menu_social_hover_links_bg":"","ocean_menu_social_links_color":"","ocean_menu_social_hover_links_color":"","ocean_disable_title":"default","ocean_disable_heading":"default","ocean_post_title":"","ocean_post_subheading":"","ocean_post_title_style":"","ocean_post_title_background_color":"","ocean_post_title_background":0,"ocean_post_title_bg_image_position":"","ocean_post_title_bg_image_attachment":"","ocean_post_title_bg_image_repeat":"","ocean_post_title_bg_image_size":"","ocean_post_title_height":0,"ocean_post_title_bg_overlay":0.5,"ocean_post_title_bg_overlay_color":"","ocean_disable_breadcrumbs":"default","ocean_breadcrumbs_color":"","ocean_breadcrumbs_separator_color":"","ocean_breadcrumbs_links_color":"","ocean_breadcrumbs_links_hover_color":"","ocean_display_footer_widgets":"default","ocean_display_footer_bottom":"default","ocean_custom_footer_template":"0","ofc_enable_fullscreen":"disable","ofc_fullscreen_speed":0,"ofc_fullscreen_nav":"enable","ofc_fullscreen_nav_pos":"right","ofc_fullscreen_nav_color":"","ofc_fullscreen_nav_tooltip_color":"","ofc_fullscreen_responsive":0,"osh_disable_topbar_sticky":"default","osh_disable_header_sticky":"default","osh_sticky_header_style":"default","osh_sticky_header_effect":"","osh_custom_sticky_logo":0,"osh_custom_retina_sticky_logo":0,"osh_custom_sticky_logo_height":0,"osh_background_color":"","osh_links_color":"","osh_links_hover_color":"","osh_links_active_color":"","osh_links_bg_color":"","osh_links_hover_bg_color":"","osh_links_active_bg_color":"","osh_menu_social_links_color":"","osh_menu_social_hover_links_color":""},"product_brand":[],"product_cat":[241,244,236],"product_tag":[416,570,595,594,391,415],"class_list":{"0":"post-8178","1":"product","2":"type-product","3":"status-publish","4":"has-post-thumbnail","6":"product_cat-antique-prints","7":"product_cat-antique-vistas","8":"product_cat-unique-pieces","9":"product_tag-cratere-en","10":"product_tag-eruption-en","11":"product_tag-la-nunziata-en","12":"product_tag-napoli-en","13":"product_tag-vesuvio-en","14":"product_tag-vulcano-en","16":"entry","17":"has-media","19":"first","20":"instock","21":"sold-individually","22":"taxable","23":"shipping-taxable","24":"product-type-simple","25":"has-product-nav","26":"col","27":"span_1_of_4","28":"owp-content-center","29":"owp-thumbs-layout-horizontal","30":"owp-btn-normal","31":"owp-tabs-layout-horizontal","32":"has-no-thumbnails"},"yoast_head":"<!-- This site is optimized with the Yoast SEO plugin v27.3 - https:\/\/yoast.com\/product\/yoast-seo-wordpress\/ -->\n<title>Br\u00fccke la Nunziata unter den Berg Vesuvio - Galleria d&#039;arte L&#039;Agora Taormina<\/title>\n<meta name=\"description\" content=\"&quot;Ponte la Nunziata sotto il Vesuvio&quot;. Veduta del vulcano fumante, con in primo piano il ponte. Segue una traduzione della didascalia:\" \/>\n<meta name=\"robots\" content=\"index, follow, max-snippet:-1, max-image-preview:large, max-video-preview:-1\" \/>\n<link rel=\"canonical\" href=\"https:\/\/www.lagorataormina.com\/en\/shop\/antique-prints\/antique-vistas\/brucke-la-nunziata-unter-den-berg-vesuvio\/\" \/>\n<meta property=\"og:locale\" content=\"en_US\" \/>\n<meta property=\"og:type\" content=\"article\" \/>\n<meta property=\"og:title\" content=\"Br\u00fccke la Nunziata unter den Berg Vesuvio - Galleria d&#039;arte L&#039;Agora Taormina\" \/>\n<meta property=\"og:description\" content=\"&quot;Ponte la Nunziata sotto il Vesuvio&quot;. Veduta del vulcano fumante, con in primo piano il ponte. Segue una traduzione della didascalia:\" \/>\n<meta property=\"og:url\" content=\"https:\/\/www.lagorataormina.com\/en\/shop\/antique-prints\/antique-vistas\/brucke-la-nunziata-unter-den-berg-vesuvio\/\" \/>\n<meta property=\"og:site_name\" content=\"Galleria d&#039;arte L&#039;Agora Taormina\" \/>\n<meta property=\"article:publisher\" content=\"https:\/\/www.facebook.com\/lagora.taormina\" \/>\n<meta property=\"article:modified_time\" content=\"2022-03-22T10:06:22+00:00\" \/>\n<meta property=\"og:image\" content=\"https:\/\/www.lagorataormina.com\/wp-content\/uploads\/2022\/03\/J-W-Stor-Bridge-La-Nunziata-under-the-mountain-Vesuvio-1.jpg\" \/>\n\t<meta property=\"og:image:width\" content=\"1000\" \/>\n\t<meta property=\"og:image:height\" content=\"667\" \/>\n\t<meta property=\"og:image:type\" content=\"image\/jpeg\" \/>\n<meta name=\"twitter:card\" content=\"summary_large_image\" \/>\n<script type=\"application\/ld+json\" class=\"yoast-schema-graph\">{\"@context\":\"https:\\\/\\\/schema.org\",\"@graph\":[{\"@type\":\"WebPage\",\"@id\":\"https:\\\/\\\/www.lagorataormina.com\\\/en\\\/shop\\\/antique-prints\\\/antique-vistas\\\/brucke-la-nunziata-unter-den-berg-vesuvio\\\/\",\"url\":\"https:\\\/\\\/www.lagorataormina.com\\\/en\\\/shop\\\/antique-prints\\\/antique-vistas\\\/brucke-la-nunziata-unter-den-berg-vesuvio\\\/\",\"name\":\"Br\u00fccke la Nunziata unter den Berg Vesuvio - Galleria d'arte L'Agora Taormina\",\"isPartOf\":{\"@id\":\"https:\\\/\\\/www.lagorataormina.com\\\/en\\\/#website\"},\"primaryImageOfPage\":{\"@id\":\"https:\\\/\\\/www.lagorataormina.com\\\/en\\\/shop\\\/antique-prints\\\/antique-vistas\\\/brucke-la-nunziata-unter-den-berg-vesuvio\\\/#primaryimage\"},\"image\":{\"@id\":\"https:\\\/\\\/www.lagorataormina.com\\\/en\\\/shop\\\/antique-prints\\\/antique-vistas\\\/brucke-la-nunziata-unter-den-berg-vesuvio\\\/#primaryimage\"},\"thumbnailUrl\":\"https:\\\/\\\/www.lagorataormina.com\\\/wp-content\\\/uploads\\\/2022\\\/03\\\/J-W-Stor-Bridge-La-Nunziata-under-the-mountain-Vesuvio-1.jpg\",\"datePublished\":\"2022-03-22T09:23:52+00:00\",\"dateModified\":\"2022-03-22T10:06:22+00:00\",\"description\":\"\\\"Ponte la Nunziata sotto il Vesuvio\\\". Veduta del vulcano fumante, con in primo piano il ponte. Segue una traduzione della didascalia:\",\"breadcrumb\":{\"@id\":\"https:\\\/\\\/www.lagorataormina.com\\\/en\\\/shop\\\/antique-prints\\\/antique-vistas\\\/brucke-la-nunziata-unter-den-berg-vesuvio\\\/#breadcrumb\"},\"inLanguage\":\"en-US\",\"potentialAction\":[{\"@type\":\"ReadAction\",\"target\":[\"https:\\\/\\\/www.lagorataormina.com\\\/en\\\/shop\\\/antique-prints\\\/antique-vistas\\\/brucke-la-nunziata-unter-den-berg-vesuvio\\\/\"]}]},{\"@type\":\"ImageObject\",\"inLanguage\":\"en-US\",\"@id\":\"https:\\\/\\\/www.lagorataormina.com\\\/en\\\/shop\\\/antique-prints\\\/antique-vistas\\\/brucke-la-nunziata-unter-den-berg-vesuvio\\\/#primaryimage\",\"url\":\"https:\\\/\\\/www.lagorataormina.com\\\/wp-content\\\/uploads\\\/2022\\\/03\\\/J-W-Stor-Bridge-La-Nunziata-under-the-mountain-Vesuvio-1.jpg\",\"contentUrl\":\"https:\\\/\\\/www.lagorataormina.com\\\/wp-content\\\/uploads\\\/2022\\\/03\\\/J-W-Stor-Bridge-La-Nunziata-under-the-mountain-Vesuvio-1.jpg\",\"width\":1000,\"height\":667,\"caption\":\"Incisione, ingiallimento del foglio e lievi difettiFoglio cm 22,2x32,5Da: C. Schramm, Historischer Schauplatz in welchem die merkw\u00fcrdigsten Br\u00fccken aus allen Theilen der Welt, insonderheit aber die in den vollkommensten Stand versetzte Dresdner Elb-Br\u00fccke, in saubern Prospecten, M\u00fcnzen und andern Kupferstichen, vorgestellet und beschrieben werden..., Lipsia: 1735\"},{\"@type\":\"BreadcrumbList\",\"@id\":\"https:\\\/\\\/www.lagorataormina.com\\\/en\\\/shop\\\/antique-prints\\\/antique-vistas\\\/brucke-la-nunziata-unter-den-berg-vesuvio\\\/#breadcrumb\",\"itemListElement\":[{\"@type\":\"ListItem\",\"position\":1,\"name\":\"Home\",\"item\":\"https:\\\/\\\/www.lagorataormina.com\\\/en\\\/\"},{\"@type\":\"ListItem\",\"position\":2,\"name\":\"Shop\",\"item\":\"https:\\\/\\\/www.lagorataormina.com\\\/negozio\\\/\"},{\"@type\":\"ListItem\",\"position\":3,\"name\":\"Antique prints\",\"item\":\"https:\\\/\\\/www.lagorataormina.com\\\/en\\\/category\\\/antique-prints\\\/\"},{\"@type\":\"ListItem\",\"position\":4,\"name\":\"Antique Prints - Vistas\",\"item\":\"https:\\\/\\\/www.lagorataormina.com\\\/en\\\/category\\\/antique-prints\\\/antique-vistas\\\/\"},{\"@type\":\"ListItem\",\"position\":5,\"name\":\"Br\u00fccke la Nunziata unter den Berg Vesuvio\"}]},{\"@type\":\"WebSite\",\"@id\":\"https:\\\/\\\/www.lagorataormina.com\\\/en\\\/#website\",\"url\":\"https:\\\/\\\/www.lagorataormina.com\\\/en\\\/\",\"name\":\"Galleria d'arte L'Agora Taormina\",\"description\":\"Passione di famiglia\",\"publisher\":{\"@id\":\"https:\\\/\\\/www.lagorataormina.com\\\/en\\\/#organization\"},\"potentialAction\":[{\"@type\":\"SearchAction\",\"target\":{\"@type\":\"EntryPoint\",\"urlTemplate\":\"https:\\\/\\\/www.lagorataormina.com\\\/en\\\/?s={search_term_string}\"},\"query-input\":{\"@type\":\"PropertyValueSpecification\",\"valueRequired\":true,\"valueName\":\"search_term_string\"}}],\"inLanguage\":\"en-US\"},{\"@type\":\"Organization\",\"@id\":\"https:\\\/\\\/www.lagorataormina.com\\\/en\\\/#organization\",\"name\":\"L'Agor\u00e0 Taormina\",\"url\":\"https:\\\/\\\/www.lagorataormina.com\\\/en\\\/\",\"logo\":{\"@type\":\"ImageObject\",\"inLanguage\":\"en-US\",\"@id\":\"https:\\\/\\\/www.lagorataormina.com\\\/en\\\/#\\\/schema\\\/logo\\\/image\\\/\",\"url\":\"\",\"contentUrl\":\"\",\"caption\":\"L'Agor\u00e0 Taormina\"},\"image\":{\"@id\":\"https:\\\/\\\/www.lagorataormina.com\\\/en\\\/#\\\/schema\\\/logo\\\/image\\\/\"},\"sameAs\":[\"https:\\\/\\\/www.facebook.com\\\/lagora.taormina\",\"https:\\\/\\\/www.instagram.com\\\/lagora_taormina\\\/\"]}]}<\/script>\n<!-- \/ Yoast SEO plugin. -->","yoast_head_json":{"title":"Br\u00fccke la Nunziata unter den Berg Vesuvio - Galleria d'arte L'Agora Taormina","description":"\"Ponte la Nunziata sotto il Vesuvio\". Veduta del vulcano fumante, con in primo piano il ponte. Segue una traduzione della didascalia:","robots":{"index":"index","follow":"follow","max-snippet":"max-snippet:-1","max-image-preview":"max-image-preview:large","max-video-preview":"max-video-preview:-1"},"canonical":"https:\/\/www.lagorataormina.com\/en\/shop\/antique-prints\/antique-vistas\/brucke-la-nunziata-unter-den-berg-vesuvio\/","og_locale":"en_US","og_type":"article","og_title":"Br\u00fccke la Nunziata unter den Berg Vesuvio - Galleria d'arte L'Agora Taormina","og_description":"\"Ponte la Nunziata sotto il Vesuvio\". Veduta del vulcano fumante, con in primo piano il ponte. Segue una traduzione della didascalia:","og_url":"https:\/\/www.lagorataormina.com\/en\/shop\/antique-prints\/antique-vistas\/brucke-la-nunziata-unter-den-berg-vesuvio\/","og_site_name":"Galleria d'arte L'Agora Taormina","article_publisher":"https:\/\/www.facebook.com\/lagora.taormina","article_modified_time":"2022-03-22T10:06:22+00:00","og_image":[{"width":1000,"height":667,"url":"https:\/\/www.lagorataormina.com\/wp-content\/uploads\/2022\/03\/J-W-Stor-Bridge-La-Nunziata-under-the-mountain-Vesuvio-1.jpg","type":"image\/jpeg"}],"twitter_card":"summary_large_image","schema":{"@context":"https:\/\/schema.org","@graph":[{"@type":"WebPage","@id":"https:\/\/www.lagorataormina.com\/en\/shop\/antique-prints\/antique-vistas\/brucke-la-nunziata-unter-den-berg-vesuvio\/","url":"https:\/\/www.lagorataormina.com\/en\/shop\/antique-prints\/antique-vistas\/brucke-la-nunziata-unter-den-berg-vesuvio\/","name":"Br\u00fccke la Nunziata unter den Berg Vesuvio - Galleria d'arte L'Agora Taormina","isPartOf":{"@id":"https:\/\/www.lagorataormina.com\/en\/#website"},"primaryImageOfPage":{"@id":"https:\/\/www.lagorataormina.com\/en\/shop\/antique-prints\/antique-vistas\/brucke-la-nunziata-unter-den-berg-vesuvio\/#primaryimage"},"image":{"@id":"https:\/\/www.lagorataormina.com\/en\/shop\/antique-prints\/antique-vistas\/brucke-la-nunziata-unter-den-berg-vesuvio\/#primaryimage"},"thumbnailUrl":"https:\/\/www.lagorataormina.com\/wp-content\/uploads\/2022\/03\/J-W-Stor-Bridge-La-Nunziata-under-the-mountain-Vesuvio-1.jpg","datePublished":"2022-03-22T09:23:52+00:00","dateModified":"2022-03-22T10:06:22+00:00","description":"\"Ponte la Nunziata sotto il Vesuvio\". Veduta del vulcano fumante, con in primo piano il ponte. Segue una traduzione della didascalia:","breadcrumb":{"@id":"https:\/\/www.lagorataormina.com\/en\/shop\/antique-prints\/antique-vistas\/brucke-la-nunziata-unter-den-berg-vesuvio\/#breadcrumb"},"inLanguage":"en-US","potentialAction":[{"@type":"ReadAction","target":["https:\/\/www.lagorataormina.com\/en\/shop\/antique-prints\/antique-vistas\/brucke-la-nunziata-unter-den-berg-vesuvio\/"]}]},{"@type":"ImageObject","inLanguage":"en-US","@id":"https:\/\/www.lagorataormina.com\/en\/shop\/antique-prints\/antique-vistas\/brucke-la-nunziata-unter-den-berg-vesuvio\/#primaryimage","url":"https:\/\/www.lagorataormina.com\/wp-content\/uploads\/2022\/03\/J-W-Stor-Bridge-La-Nunziata-under-the-mountain-Vesuvio-1.jpg","contentUrl":"https:\/\/www.lagorataormina.com\/wp-content\/uploads\/2022\/03\/J-W-Stor-Bridge-La-Nunziata-under-the-mountain-Vesuvio-1.jpg","width":1000,"height":667,"caption":"Incisione, ingiallimento del foglio e lievi difettiFoglio cm 22,2x32,5Da: C. Schramm, Historischer Schauplatz in welchem die merkw\u00fcrdigsten Br\u00fccken aus allen Theilen der Welt, insonderheit aber die in den vollkommensten Stand versetzte Dresdner Elb-Br\u00fccke, in saubern Prospecten, M\u00fcnzen und andern Kupferstichen, vorgestellet und beschrieben werden..., Lipsia: 1735"},{"@type":"BreadcrumbList","@id":"https:\/\/www.lagorataormina.com\/en\/shop\/antique-prints\/antique-vistas\/brucke-la-nunziata-unter-den-berg-vesuvio\/#breadcrumb","itemListElement":[{"@type":"ListItem","position":1,"name":"Home","item":"https:\/\/www.lagorataormina.com\/en\/"},{"@type":"ListItem","position":2,"name":"Shop","item":"https:\/\/www.lagorataormina.com\/negozio\/"},{"@type":"ListItem","position":3,"name":"Antique prints","item":"https:\/\/www.lagorataormina.com\/en\/category\/antique-prints\/"},{"@type":"ListItem","position":4,"name":"Antique Prints - Vistas","item":"https:\/\/www.lagorataormina.com\/en\/category\/antique-prints\/antique-vistas\/"},{"@type":"ListItem","position":5,"name":"Br\u00fccke la Nunziata unter den Berg Vesuvio"}]},{"@type":"WebSite","@id":"https:\/\/www.lagorataormina.com\/en\/#website","url":"https:\/\/www.lagorataormina.com\/en\/","name":"Galleria d'arte L'Agora Taormina","description":"Passione di famiglia","publisher":{"@id":"https:\/\/www.lagorataormina.com\/en\/#organization"},"potentialAction":[{"@type":"SearchAction","target":{"@type":"EntryPoint","urlTemplate":"https:\/\/www.lagorataormina.com\/en\/?s={search_term_string}"},"query-input":{"@type":"PropertyValueSpecification","valueRequired":true,"valueName":"search_term_string"}}],"inLanguage":"en-US"},{"@type":"Organization","@id":"https:\/\/www.lagorataormina.com\/en\/#organization","name":"L'Agor\u00e0 Taormina","url":"https:\/\/www.lagorataormina.com\/en\/","logo":{"@type":"ImageObject","inLanguage":"en-US","@id":"https:\/\/www.lagorataormina.com\/en\/#\/schema\/logo\/image\/","url":"","contentUrl":"","caption":"L'Agor\u00e0 Taormina"},"image":{"@id":"https:\/\/www.lagorataormina.com\/en\/#\/schema\/logo\/image\/"},"sameAs":["https:\/\/www.facebook.com\/lagora.taormina","https:\/\/www.instagram.com\/lagora_taormina\/"]}]}},"_links":{"self":[{"href":"https:\/\/www.lagorataormina.com\/en\/wp-json\/wp\/v2\/product\/8178","targetHints":{"allow":["GET"]}}],"collection":[{"href":"https:\/\/www.lagorataormina.com\/en\/wp-json\/wp\/v2\/product"}],"about":[{"href":"https:\/\/www.lagorataormina.com\/en\/wp-json\/wp\/v2\/types\/product"}],"version-history":[{"count":0,"href":"https:\/\/www.lagorataormina.com\/en\/wp-json\/wp\/v2\/product\/8178\/revisions"}],"wp:featuredmedia":[{"embeddable":true,"href":"https:\/\/www.lagorataormina.com\/en\/wp-json\/wp\/v2\/media\/8180"}],"wp:attachment":[{"href":"https:\/\/www.lagorataormina.com\/en\/wp-json\/wp\/v2\/media?parent=8178"}],"wp:term":[{"taxonomy":"product_brand","embeddable":true,"href":"https:\/\/www.lagorataormina.com\/en\/wp-json\/wp\/v2\/product_brand?post=8178"},{"taxonomy":"product_cat","embeddable":true,"href":"https:\/\/www.lagorataormina.com\/en\/wp-json\/wp\/v2\/product_cat?post=8178"},{"taxonomy":"product_tag","embeddable":true,"href":"https:\/\/www.lagorataormina.com\/en\/wp-json\/wp\/v2\/product_tag?post=8178"}],"curies":[{"name":"wp","href":"https:\/\/api.w.org\/{rel}","templated":true}]}}