{"id":6627,"date":"2021-07-06T18:23:57","date_gmt":"2021-07-06T16:23:57","guid":{"rendered":"https:\/\/www.lagorataormina.com\/?post_type=product&#038;p=6627"},"modified":"2024-05-13T10:37:22","modified_gmt":"2024-05-13T08:37:22","slug":"teatro-greco-di-taormina-josef-dederichs","status":"publish","type":"product","link":"https:\/\/www.lagorataormina.com\/en\/shop\/uncategorized\/teatro-greco-di-taormina-josef-dederichs\/","title":{"rendered":"Teatro Greco di Taormina, Josef Dederichs"},"content":{"rendered":"","protected":false},"excerpt":{"rendered":"<p><strong>SOLD<\/strong><\/p>\n<p class=\"p1\">Veduta pittorica del Teatro Greco di Taormina ad opera di Josef Dederichs, pittore tedesco attivo tra la fine del 1800 ed i primi del 1900.<\/p>\n<div>Infanzia difficile quella di Josef Dederichs, segnata dalla morte della sorella gemella dopo pochi mesi dalla nascita e dall&#8217; incidente alle gambe che gli procur\u00f2 invalidit\u00e0 e rigidit\u00e0 a vita. Dal 1879 frequent\u00f2 per otto anni la scuola elementare di Bleibuir, dove dimostr\u00f2 immediatamente il suo talento per il disegno e la pittura. Nel 1901 frequent\u00f2 l&#8217; Accademia d&#8217;arte di D\u00fcsseldorf, incoraggiato e sostenuto dalla famiglia del duca Engelbert-Maria von Arenberg. Durante i suoi studi possiamo apprezzare una copia del dipinto Notte d&#8217;estate sul Reno di Christian Eduard Boettcher. Divenne poi allievo del paesaggista Fritz von Willeche, che lo form\u00f2 definitivamente.<\/div>\n<div>Nel 1910 Dederichs si stabil\u00ec come pittore indipendente, prima nella S\u00fcdstadt di Colonia, e subito dopo a Colonia-Bayenthal. Congedato dal servizio militare durante la prima guerra mondiale, nel 1914 conobbe sua moglie Agnes con cui ebbe una figlia alcuni anni dopo il matrimonio. Durante la seconda guerra mondiale la sua residenza di Bayenthal fu distrutta da un bombardamento cosi si trasfer\u00ec a Bleibuir per vivere con la sorella Margaretha Beul, dove si dedic\u00f2 alla pittura all&#8217;aperto. Dopo che la casa di Bayenthal fu ricostruita vi torno e vi visse fino all&#8217;et\u00e0 di 85 anni.<\/div>\n<div>Durante le vacanze e i viaggi di studio che Dederichs faceva regolarmente con la moglie e la figlia sulle coste del Belgio e dei Paesi Bassi, sulle Alpi, in Italia e in Norvegia, disegn\u00f2 molti bozzetti e studi, da cui elabor\u00f2 numerosi dipinti nel suo studio di Colonia: quadri portuali con navi , navi in \u200b\u200bmare, mercati di fiori, viste sulle Alpi e sui fiordi. Notevole successo ebbero i dipinti parigini, soprattutto quelli che ritraevano i simboli della citt\u00e0. Dipinse inoltre su commissione motivi di animali e di caccia, nonch\u00e9 nature morte di frutta e fiori.<\/div>\n<p><strong>Author: <\/strong>Josef Dederichs (Bleibuir 1973 &#8211; Colonia 1958)<span class=\"s1\"><br \/>\n<\/span><strong>Year:<\/strong> early 1900s<br \/>\n<span class=\"s1\"><strong>Size: <\/strong><\/span><span class=\"s1\">cm L 201 x H 145 (inches L\u00a079,13\u00a0x 57,09) without frame \/ cm L 231 x H 175 (inches L 90,95 x 68,90)\u00a0with frame<br \/>\n<\/span><span class=\"s1\"><strong>Medium: <\/strong>Oil on canvas<\/span><\/p>\n","protected":false},"featured_media":7325,"template":"","meta":{"ocean_post_layout":"","ocean_both_sidebars_style":"","ocean_both_sidebars_content_width":0,"ocean_both_sidebars_sidebars_width":0,"ocean_sidebar":"0","ocean_second_sidebar":"0","ocean_disable_margins":"enable","ocean_add_body_class":"","ocean_shortcode_before_top_bar":"","ocean_shortcode_after_top_bar":"","ocean_shortcode_before_header":"","ocean_shortcode_after_header":"","ocean_has_shortcode":"","ocean_shortcode_after_title":"","ocean_shortcode_before_footer_widgets":"","ocean_shortcode_after_footer_widgets":"","ocean_shortcode_before_footer_bottom":"","ocean_shortcode_after_footer_bottom":"","ocean_display_top_bar":"default","ocean_display_header":"default","ocean_header_style":"","ocean_center_header_left_menu":"0","ocean_custom_header_template":"0","ocean_custom_logo":0,"ocean_custom_retina_logo":0,"ocean_custom_logo_max_width":0,"ocean_custom_logo_tablet_max_width":0,"ocean_custom_logo_mobile_max_width":0,"ocean_custom_logo_max_height":0,"ocean_custom_logo_tablet_max_height":0,"ocean_custom_logo_mobile_max_height":0,"ocean_header_custom_menu":"0","ocean_menu_typo_font_family":"0","ocean_menu_typo_font_subset":"","ocean_menu_typo_font_size":0,"ocean_menu_typo_font_size_tablet":0,"ocean_menu_typo_font_size_mobile":0,"ocean_menu_typo_font_size_unit":"px","ocean_menu_typo_font_weight":"","ocean_menu_typo_font_weight_tablet":"","ocean_menu_typo_font_weight_mobile":"","ocean_menu_typo_transform":"","ocean_menu_typo_transform_tablet":"","ocean_menu_typo_transform_mobile":"","ocean_menu_typo_line_height":0,"ocean_menu_typo_line_height_tablet":0,"ocean_menu_typo_line_height_mobile":0,"ocean_menu_typo_line_height_unit":"","ocean_menu_typo_spacing":0,"ocean_menu_typo_spacing_tablet":0,"ocean_menu_typo_spacing_mobile":0,"ocean_menu_typo_spacing_unit":"","ocean_menu_link_color":"","ocean_menu_link_color_hover":"","ocean_menu_link_color_active":"","ocean_menu_link_background":"","ocean_menu_link_hover_background":"","ocean_menu_link_active_background":"","ocean_menu_social_links_bg":"","ocean_menu_social_hover_links_bg":"","ocean_menu_social_links_color":"","ocean_menu_social_hover_links_color":"","ocean_disable_title":"default","ocean_disable_heading":"default","ocean_post_title":"","ocean_post_subheading":"","ocean_post_title_style":"","ocean_post_title_background_color":"","ocean_post_title_background":0,"ocean_post_title_bg_image_position":"","ocean_post_title_bg_image_attachment":"","ocean_post_title_bg_image_repeat":"","ocean_post_title_bg_image_size":"","ocean_post_title_height":0,"ocean_post_title_bg_overlay":0.5,"ocean_post_title_bg_overlay_color":"","ocean_disable_breadcrumbs":"default","ocean_breadcrumbs_color":"","ocean_breadcrumbs_separator_color":"","ocean_breadcrumbs_links_color":"","ocean_breadcrumbs_links_hover_color":"","ocean_display_footer_widgets":"default","ocean_display_footer_bottom":"default","ocean_custom_footer_template":"0","ofc_enable_fullscreen":"disable","ofc_fullscreen_speed":0,"ofc_fullscreen_nav":"enable","ofc_fullscreen_nav_pos":"right","ofc_fullscreen_nav_color":"","ofc_fullscreen_nav_tooltip_color":"","ofc_fullscreen_responsive":0,"osh_disable_topbar_sticky":"default","osh_disable_header_sticky":"default","osh_sticky_header_style":"default","osh_sticky_header_effect":"","osh_custom_sticky_logo":0,"osh_custom_retina_sticky_logo":0,"osh_custom_sticky_logo_height":0,"osh_background_color":"","osh_links_color":"","osh_links_hover_color":"","osh_links_active_color":"","osh_links_bg_color":"","osh_links_hover_bg_color":"","osh_links_active_bg_color":"","osh_menu_social_links_color":"","osh_menu_social_hover_links_color":""},"product_brand":[],"product_cat":[],"product_tag":[],"class_list":{"0":"post-6627","1":"product","2":"type-product","3":"status-publish","4":"has-post-thumbnail","7":"entry","8":"has-media","10":"first","11":"instock","12":"taxable","13":"shipping-taxable","14":"product-type-simple","15":"has-product-nav","16":"col","17":"span_1_of_4","18":"owp-content-center","19":"owp-thumbs-layout-horizontal","20":"owp-btn-normal","21":"owp-tabs-layout-horizontal"},"yoast_head":"<!-- This site is optimized with the Yoast SEO plugin v27.4 - https:\/\/yoast.com\/product\/yoast-seo-wordpress\/ -->\n<title>Teatro Greco di Taormina, Josef Dederichs - Galleria d&#039;arte L&#039;Agora Taormina<\/title>\n<meta name=\"description\" content=\"Veduta pittorica del Teatro Greco di Taormina ad opera di Josef Dederichs, pittore tedesco attivo tra la fine del 1800 ed i primi del 1900.\" \/>\n<meta name=\"robots\" content=\"index, follow, max-snippet:-1, max-image-preview:large, max-video-preview:-1\" \/>\n<link rel=\"canonical\" href=\"https:\/\/www.lagorataormina.com\/en\/shop\/uncategorized\/teatro-greco-di-taormina-josef-dederichs\/\" \/>\n<meta property=\"og:locale\" content=\"en_US\" \/>\n<meta property=\"og:type\" content=\"article\" \/>\n<meta property=\"og:title\" content=\"Teatro Greco di Taormina, Josef Dederichs - Galleria d&#039;arte L&#039;Agora Taormina\" \/>\n<meta property=\"og:description\" content=\"Veduta pittorica del Teatro Greco di Taormina ad opera di Josef Dederichs, pittore tedesco attivo tra la fine del 1800 ed i primi del 1900.\" \/>\n<meta property=\"og:url\" content=\"https:\/\/www.lagorataormina.com\/en\/shop\/uncategorized\/teatro-greco-di-taormina-josef-dederichs\/\" \/>\n<meta property=\"og:site_name\" content=\"Galleria d&#039;arte L&#039;Agora Taormina\" \/>\n<meta property=\"article:publisher\" content=\"https:\/\/www.facebook.com\/lagora.taormina\" \/>\n<meta property=\"article:modified_time\" content=\"2024-05-13T08:37:22+00:00\" \/>\n<meta property=\"og:image\" content=\"https:\/\/www.lagorataormina.com\/wp-content\/uploads\/2021\/07\/daa-001-Teatro-Greco-di-Taormina-Josef-Dederichs-7.jpg\" \/>\n\t<meta property=\"og:image:width\" content=\"1000\" \/>\n\t<meta property=\"og:image:height\" content=\"772\" \/>\n\t<meta property=\"og:image:type\" content=\"image\/jpeg\" \/>\n<meta name=\"twitter:card\" content=\"summary_large_image\" \/>\n<script type=\"application\/ld+json\" class=\"yoast-schema-graph\">{\"@context\":\"https:\\\/\\\/schema.org\",\"@graph\":[{\"@type\":\"WebPage\",\"@id\":\"https:\\\/\\\/www.lagorataormina.com\\\/en\\\/shop\\\/uncategorized\\\/teatro-greco-di-taormina-josef-dederichs\\\/\",\"url\":\"https:\\\/\\\/www.lagorataormina.com\\\/en\\\/shop\\\/uncategorized\\\/teatro-greco-di-taormina-josef-dederichs\\\/\",\"name\":\"Teatro Greco di Taormina, Josef Dederichs - Galleria d'arte L'Agora Taormina\",\"isPartOf\":{\"@id\":\"https:\\\/\\\/www.lagorataormina.com\\\/en\\\/#website\"},\"primaryImageOfPage\":{\"@id\":\"https:\\\/\\\/www.lagorataormina.com\\\/en\\\/shop\\\/uncategorized\\\/teatro-greco-di-taormina-josef-dederichs\\\/#primaryimage\"},\"image\":{\"@id\":\"https:\\\/\\\/www.lagorataormina.com\\\/en\\\/shop\\\/uncategorized\\\/teatro-greco-di-taormina-josef-dederichs\\\/#primaryimage\"},\"thumbnailUrl\":\"https:\\\/\\\/www.lagorataormina.com\\\/wp-content\\\/uploads\\\/2021\\\/07\\\/daa-001-Teatro-Greco-di-Taormina-Josef-Dederichs-7.jpg\",\"datePublished\":\"2021-07-06T16:23:57+00:00\",\"dateModified\":\"2024-05-13T08:37:22+00:00\",\"description\":\"Veduta pittorica del Teatro Greco di Taormina ad opera di Josef Dederichs, pittore tedesco attivo tra la fine del 1800 ed i primi del 1900.\",\"breadcrumb\":{\"@id\":\"https:\\\/\\\/www.lagorataormina.com\\\/en\\\/shop\\\/uncategorized\\\/teatro-greco-di-taormina-josef-dederichs\\\/#breadcrumb\"},\"inLanguage\":\"en-US\",\"potentialAction\":[{\"@type\":\"ReadAction\",\"target\":[\"https:\\\/\\\/www.lagorataormina.com\\\/en\\\/shop\\\/uncategorized\\\/teatro-greco-di-taormina-josef-dederichs\\\/\"]}]},{\"@type\":\"ImageObject\",\"inLanguage\":\"en-US\",\"@id\":\"https:\\\/\\\/www.lagorataormina.com\\\/en\\\/shop\\\/uncategorized\\\/teatro-greco-di-taormina-josef-dederichs\\\/#primaryimage\",\"url\":\"https:\\\/\\\/www.lagorataormina.com\\\/wp-content\\\/uploads\\\/2021\\\/07\\\/daa-001-Teatro-Greco-di-Taormina-Josef-Dederichs-7.jpg\",\"contentUrl\":\"https:\\\/\\\/www.lagorataormina.com\\\/wp-content\\\/uploads\\\/2021\\\/07\\\/daa-001-Teatro-Greco-di-Taormina-Josef-Dederichs-7.jpg\",\"width\":1000,\"height\":772,\"caption\":\"Josef Dederichs\"},{\"@type\":\"BreadcrumbList\",\"@id\":\"https:\\\/\\\/www.lagorataormina.com\\\/en\\\/shop\\\/uncategorized\\\/teatro-greco-di-taormina-josef-dederichs\\\/#breadcrumb\",\"itemListElement\":[{\"@type\":\"ListItem\",\"position\":1,\"name\":\"Home\",\"item\":\"https:\\\/\\\/www.lagorataormina.com\\\/en\\\/\"},{\"@type\":\"ListItem\",\"position\":2,\"name\":\"Shop\",\"item\":\"https:\\\/\\\/www.lagorataormina.com\\\/negozio\\\/\"},{\"@type\":\"ListItem\",\"position\":3,\"name\":\"Antique paintings\",\"item\":\"https:\\\/\\\/www.lagorataormina.com\\\/en\\\/category\\\/antique-paintings\\\/\"},{\"@type\":\"ListItem\",\"position\":4,\"name\":\"Teatro Greco di Taormina, Josef Dederichs\"}]},{\"@type\":\"WebSite\",\"@id\":\"https:\\\/\\\/www.lagorataormina.com\\\/en\\\/#website\",\"url\":\"https:\\\/\\\/www.lagorataormina.com\\\/en\\\/\",\"name\":\"Galleria d'arte L'Agora Taormina\",\"description\":\"Passione di famiglia\",\"publisher\":{\"@id\":\"https:\\\/\\\/www.lagorataormina.com\\\/en\\\/#organization\"},\"potentialAction\":[{\"@type\":\"SearchAction\",\"target\":{\"@type\":\"EntryPoint\",\"urlTemplate\":\"https:\\\/\\\/www.lagorataormina.com\\\/en\\\/?s={search_term_string}\"},\"query-input\":{\"@type\":\"PropertyValueSpecification\",\"valueRequired\":true,\"valueName\":\"search_term_string\"}}],\"inLanguage\":\"en-US\"},{\"@type\":\"Organization\",\"@id\":\"https:\\\/\\\/www.lagorataormina.com\\\/en\\\/#organization\",\"name\":\"L'Agor\u00e0 Taormina\",\"url\":\"https:\\\/\\\/www.lagorataormina.com\\\/en\\\/\",\"logo\":{\"@type\":\"ImageObject\",\"inLanguage\":\"en-US\",\"@id\":\"https:\\\/\\\/www.lagorataormina.com\\\/en\\\/#\\\/schema\\\/logo\\\/image\\\/\",\"url\":\"\",\"contentUrl\":\"\",\"caption\":\"L'Agor\u00e0 Taormina\"},\"image\":{\"@id\":\"https:\\\/\\\/www.lagorataormina.com\\\/en\\\/#\\\/schema\\\/logo\\\/image\\\/\"},\"sameAs\":[\"https:\\\/\\\/www.facebook.com\\\/lagora.taormina\",\"https:\\\/\\\/www.instagram.com\\\/lagora_taormina\\\/\"]}]}<\/script>\n<!-- \/ Yoast SEO plugin. -->","yoast_head_json":{"title":"Teatro Greco di Taormina, Josef Dederichs - Galleria d'arte L'Agora Taormina","description":"Veduta pittorica del Teatro Greco di Taormina ad opera di Josef Dederichs, pittore tedesco attivo tra la fine del 1800 ed i primi del 1900.","robots":{"index":"index","follow":"follow","max-snippet":"max-snippet:-1","max-image-preview":"max-image-preview:large","max-video-preview":"max-video-preview:-1"},"canonical":"https:\/\/www.lagorataormina.com\/en\/shop\/uncategorized\/teatro-greco-di-taormina-josef-dederichs\/","og_locale":"en_US","og_type":"article","og_title":"Teatro Greco di Taormina, Josef Dederichs - Galleria d'arte L'Agora Taormina","og_description":"Veduta pittorica del Teatro Greco di Taormina ad opera di Josef Dederichs, pittore tedesco attivo tra la fine del 1800 ed i primi del 1900.","og_url":"https:\/\/www.lagorataormina.com\/en\/shop\/uncategorized\/teatro-greco-di-taormina-josef-dederichs\/","og_site_name":"Galleria d'arte L'Agora Taormina","article_publisher":"https:\/\/www.facebook.com\/lagora.taormina","article_modified_time":"2024-05-13T08:37:22+00:00","og_image":[{"width":1000,"height":772,"url":"https:\/\/www.lagorataormina.com\/wp-content\/uploads\/2021\/07\/daa-001-Teatro-Greco-di-Taormina-Josef-Dederichs-7.jpg","type":"image\/jpeg"}],"twitter_card":"summary_large_image","schema":{"@context":"https:\/\/schema.org","@graph":[{"@type":"WebPage","@id":"https:\/\/www.lagorataormina.com\/en\/shop\/uncategorized\/teatro-greco-di-taormina-josef-dederichs\/","url":"https:\/\/www.lagorataormina.com\/en\/shop\/uncategorized\/teatro-greco-di-taormina-josef-dederichs\/","name":"Teatro Greco di Taormina, Josef Dederichs - Galleria d'arte L'Agora Taormina","isPartOf":{"@id":"https:\/\/www.lagorataormina.com\/en\/#website"},"primaryImageOfPage":{"@id":"https:\/\/www.lagorataormina.com\/en\/shop\/uncategorized\/teatro-greco-di-taormina-josef-dederichs\/#primaryimage"},"image":{"@id":"https:\/\/www.lagorataormina.com\/en\/shop\/uncategorized\/teatro-greco-di-taormina-josef-dederichs\/#primaryimage"},"thumbnailUrl":"https:\/\/www.lagorataormina.com\/wp-content\/uploads\/2021\/07\/daa-001-Teatro-Greco-di-Taormina-Josef-Dederichs-7.jpg","datePublished":"2021-07-06T16:23:57+00:00","dateModified":"2024-05-13T08:37:22+00:00","description":"Veduta pittorica del Teatro Greco di Taormina ad opera di Josef Dederichs, pittore tedesco attivo tra la fine del 1800 ed i primi del 1900.","breadcrumb":{"@id":"https:\/\/www.lagorataormina.com\/en\/shop\/uncategorized\/teatro-greco-di-taormina-josef-dederichs\/#breadcrumb"},"inLanguage":"en-US","potentialAction":[{"@type":"ReadAction","target":["https:\/\/www.lagorataormina.com\/en\/shop\/uncategorized\/teatro-greco-di-taormina-josef-dederichs\/"]}]},{"@type":"ImageObject","inLanguage":"en-US","@id":"https:\/\/www.lagorataormina.com\/en\/shop\/uncategorized\/teatro-greco-di-taormina-josef-dederichs\/#primaryimage","url":"https:\/\/www.lagorataormina.com\/wp-content\/uploads\/2021\/07\/daa-001-Teatro-Greco-di-Taormina-Josef-Dederichs-7.jpg","contentUrl":"https:\/\/www.lagorataormina.com\/wp-content\/uploads\/2021\/07\/daa-001-Teatro-Greco-di-Taormina-Josef-Dederichs-7.jpg","width":1000,"height":772,"caption":"Josef Dederichs"},{"@type":"BreadcrumbList","@id":"https:\/\/www.lagorataormina.com\/en\/shop\/uncategorized\/teatro-greco-di-taormina-josef-dederichs\/#breadcrumb","itemListElement":[{"@type":"ListItem","position":1,"name":"Home","item":"https:\/\/www.lagorataormina.com\/en\/"},{"@type":"ListItem","position":2,"name":"Shop","item":"https:\/\/www.lagorataormina.com\/negozio\/"},{"@type":"ListItem","position":3,"name":"Antique paintings","item":"https:\/\/www.lagorataormina.com\/en\/category\/antique-paintings\/"},{"@type":"ListItem","position":4,"name":"Teatro Greco di Taormina, Josef Dederichs"}]},{"@type":"WebSite","@id":"https:\/\/www.lagorataormina.com\/en\/#website","url":"https:\/\/www.lagorataormina.com\/en\/","name":"Galleria d'arte L'Agora Taormina","description":"Passione di famiglia","publisher":{"@id":"https:\/\/www.lagorataormina.com\/en\/#organization"},"potentialAction":[{"@type":"SearchAction","target":{"@type":"EntryPoint","urlTemplate":"https:\/\/www.lagorataormina.com\/en\/?s={search_term_string}"},"query-input":{"@type":"PropertyValueSpecification","valueRequired":true,"valueName":"search_term_string"}}],"inLanguage":"en-US"},{"@type":"Organization","@id":"https:\/\/www.lagorataormina.com\/en\/#organization","name":"L'Agor\u00e0 Taormina","url":"https:\/\/www.lagorataormina.com\/en\/","logo":{"@type":"ImageObject","inLanguage":"en-US","@id":"https:\/\/www.lagorataormina.com\/en\/#\/schema\/logo\/image\/","url":"","contentUrl":"","caption":"L'Agor\u00e0 Taormina"},"image":{"@id":"https:\/\/www.lagorataormina.com\/en\/#\/schema\/logo\/image\/"},"sameAs":["https:\/\/www.facebook.com\/lagora.taormina","https:\/\/www.instagram.com\/lagora_taormina\/"]}]}},"_links":{"self":[{"href":"https:\/\/www.lagorataormina.com\/en\/wp-json\/wp\/v2\/product\/6627","targetHints":{"allow":["GET"]}}],"collection":[{"href":"https:\/\/www.lagorataormina.com\/en\/wp-json\/wp\/v2\/product"}],"about":[{"href":"https:\/\/www.lagorataormina.com\/en\/wp-json\/wp\/v2\/types\/product"}],"version-history":[{"count":0,"href":"https:\/\/www.lagorataormina.com\/en\/wp-json\/wp\/v2\/product\/6627\/revisions"}],"wp:featuredmedia":[{"embeddable":true,"href":"https:\/\/www.lagorataormina.com\/en\/wp-json\/wp\/v2\/media\/7325"}],"wp:attachment":[{"href":"https:\/\/www.lagorataormina.com\/en\/wp-json\/wp\/v2\/media?parent=6627"}],"wp:term":[{"taxonomy":"product_brand","embeddable":true,"href":"https:\/\/www.lagorataormina.com\/en\/wp-json\/wp\/v2\/product_brand?post=6627"},{"taxonomy":"product_cat","embeddable":true,"href":"https:\/\/www.lagorataormina.com\/en\/wp-json\/wp\/v2\/product_cat?post=6627"},{"taxonomy":"product_tag","embeddable":true,"href":"https:\/\/www.lagorataormina.com\/en\/wp-json\/wp\/v2\/product_tag?post=6627"}],"curies":[{"name":"wp","href":"https:\/\/api.w.org\/{rel}","templated":true}]}}