{"id":5986,"date":"2021-05-17T11:47:17","date_gmt":"2021-05-17T09:47:17","guid":{"rendered":"https:\/\/www.lagorataormina.com\/?post_type=product&#038;p=5986"},"modified":"2021-05-17T12:30:55","modified_gmt":"2021-05-17T10:30:55","slug":"gallo-e-gallina-coppia","status":"publish","type":"product","link":"https:\/\/www.lagorataormina.com\/en\/shop\/art-objects\/gallo-e-gallina-coppia\/","title":{"rendered":"Gallo e Gallina, coppia"},"content":{"rendered":"","protected":false},"excerpt":{"rendered":"<p class=\"p1\">Il gallo e la gallina, come l&#8217;uovo sono simboli forti ed evocativi nella cultura cristiana, essi si sono affermati e tramandati nel tempo. Usati nella tradizione russa come regalo di Pasqua. Dal punto di vista simbolico la gallina\u00a0rappresenta <em>\u201cl\u2019archetipo naturale della madre\u201d<\/em>. Questo\u00a0significato \u00e8 gi\u00e0 riscontrabile nei Vangeli dove la chioccia \u00e8 il modello esemplare dell\u2019amore protettivo verso i deboli. Il gallo\u00a0\u00e8 un animale solare, che con il suo canto annuncia l\u2019alba e scaccia i demoni notturni. Esso\u00a0\u00e8 anche il simbolo del Cristo che porta l\u2019alba del nuovo giorno della fede. Una coppia ricca di smalti colorati, perfetta per un regalo di buon augurio ed allegro.<\/p>\n<p class=\"p1\"><strong>Autore:<\/strong>\u00a0arte popolare russa<br \/>\n<strong>Anno:<\/strong>\u00a0primi 1900<br \/>\n<strong>Misure:<\/strong> cm H 10 x L 10<span class=\"s1\"><br \/>\n<strong>Tecnica: <\/strong>metallo povero, porcellana, smalti\u00a0<\/span><\/p>\n","protected":false},"featured_media":5994,"template":"","meta":{"ocean_post_layout":"","ocean_both_sidebars_style":"","ocean_both_sidebars_content_width":0,"ocean_both_sidebars_sidebars_width":0,"ocean_sidebar":"0","ocean_second_sidebar":"0","ocean_disable_margins":"enable","ocean_add_body_class":"","ocean_shortcode_before_top_bar":"","ocean_shortcode_after_top_bar":"","ocean_shortcode_before_header":"","ocean_shortcode_after_header":"","ocean_has_shortcode":"","ocean_shortcode_after_title":"","ocean_shortcode_before_footer_widgets":"","ocean_shortcode_after_footer_widgets":"","ocean_shortcode_before_footer_bottom":"","ocean_shortcode_after_footer_bottom":"","ocean_display_top_bar":"default","ocean_display_header":"default","ocean_header_style":"","ocean_center_header_left_menu":"0","ocean_custom_header_template":"0","ocean_custom_logo":0,"ocean_custom_retina_logo":0,"ocean_custom_logo_max_width":0,"ocean_custom_logo_tablet_max_width":0,"ocean_custom_logo_mobile_max_width":0,"ocean_custom_logo_max_height":0,"ocean_custom_logo_tablet_max_height":0,"ocean_custom_logo_mobile_max_height":0,"ocean_header_custom_menu":"0","ocean_menu_typo_font_family":"0","ocean_menu_typo_font_subset":"","ocean_menu_typo_font_size":0,"ocean_menu_typo_font_size_tablet":0,"ocean_menu_typo_font_size_mobile":0,"ocean_menu_typo_font_size_unit":"px","ocean_menu_typo_font_weight":"","ocean_menu_typo_font_weight_tablet":"","ocean_menu_typo_font_weight_mobile":"","ocean_menu_typo_transform":"","ocean_menu_typo_transform_tablet":"","ocean_menu_typo_transform_mobile":"","ocean_menu_typo_line_height":0,"ocean_menu_typo_line_height_tablet":0,"ocean_menu_typo_line_height_mobile":0,"ocean_menu_typo_line_height_unit":"","ocean_menu_typo_spacing":0,"ocean_menu_typo_spacing_tablet":0,"ocean_menu_typo_spacing_mobile":0,"ocean_menu_typo_spacing_unit":"","ocean_menu_link_color":"","ocean_menu_link_color_hover":"","ocean_menu_link_color_active":"","ocean_menu_link_background":"","ocean_menu_link_hover_background":"","ocean_menu_link_active_background":"","ocean_menu_social_links_bg":"","ocean_menu_social_hover_links_bg":"","ocean_menu_social_links_color":"","ocean_menu_social_hover_links_color":"","ocean_disable_title":"default","ocean_disable_heading":"default","ocean_post_title":"","ocean_post_subheading":"","ocean_post_title_style":"","ocean_post_title_background_color":"","ocean_post_title_background":0,"ocean_post_title_bg_image_position":"","ocean_post_title_bg_image_attachment":"","ocean_post_title_bg_image_repeat":"","ocean_post_title_bg_image_size":"","ocean_post_title_height":0,"ocean_post_title_bg_overlay":0.5,"ocean_post_title_bg_overlay_color":"","ocean_disable_breadcrumbs":"default","ocean_breadcrumbs_color":"","ocean_breadcrumbs_separator_color":"","ocean_breadcrumbs_links_color":"","ocean_breadcrumbs_links_hover_color":"","ocean_display_footer_widgets":"default","ocean_display_footer_bottom":"default","ocean_custom_footer_template":"0","ofc_enable_fullscreen":"disable","ofc_fullscreen_speed":0,"ofc_fullscreen_nav":"enable","ofc_fullscreen_nav_pos":"right","ofc_fullscreen_nav_color":"","ofc_fullscreen_nav_tooltip_color":"","ofc_fullscreen_responsive":0,"osh_disable_topbar_sticky":"default","osh_disable_header_sticky":"default","osh_sticky_header_style":"default","osh_sticky_header_effect":"","osh_custom_sticky_logo":0,"osh_custom_retina_sticky_logo":0,"osh_custom_sticky_logo_height":0,"osh_background_color":"","osh_links_color":"","osh_links_hover_color":"","osh_links_active_color":"","osh_links_bg_color":"","osh_links_hover_bg_color":"","osh_links_active_bg_color":"","osh_menu_social_links_color":"","osh_menu_social_hover_links_color":""},"product_brand":[],"product_cat":[235,236],"product_tag":[293,292],"class_list":{"0":"post-5986","1":"product","2":"type-product","3":"status-publish","4":"has-post-thumbnail","6":"product_cat-art-objects","7":"product_cat-unique-pieces","8":"product_tag-egg","9":"product_tag-fish","10":"product_shipping_class-class-a","12":"entry","13":"has-media","15":"first","16":"instock","17":"taxable","18":"shipping-taxable","19":"purchasable","20":"product-type-simple","21":"has-product-nav","22":"col","23":"span_1_of_4","24":"owp-content-center","25":"owp-thumbs-layout-horizontal","26":"owp-btn-normal","27":"owp-tabs-layout-horizontal"},"yoast_head":"<!-- This site is optimized with the Yoast SEO plugin v27.3 - https:\/\/yoast.com\/product\/yoast-seo-wordpress\/ -->\n<title>Gallo e Gallina, coppia - Galleria d&#039;arte L&#039;Agora Taormina<\/title>\n<meta name=\"description\" content=\"Il gallo e la gallina sono simboli forti ed evocativi nella cultura cristiana. Usati nella tradizione russa come regalo di Pasqua.\" \/>\n<meta name=\"robots\" content=\"index, follow, max-snippet:-1, max-image-preview:large, max-video-preview:-1\" \/>\n<link rel=\"canonical\" href=\"https:\/\/www.lagorataormina.com\/en\/shop\/art-objects\/gallo-e-gallina-coppia\/\" \/>\n<meta property=\"og:locale\" content=\"en_US\" \/>\n<meta property=\"og:type\" content=\"article\" \/>\n<meta property=\"og:title\" content=\"Gallo e Gallina, coppia - Galleria d&#039;arte L&#039;Agora Taormina\" \/>\n<meta property=\"og:description\" content=\"Il gallo e la gallina sono simboli forti ed evocativi nella cultura cristiana. Usati nella tradizione russa come regalo di Pasqua.\" \/>\n<meta property=\"og:url\" content=\"https:\/\/www.lagorataormina.com\/en\/shop\/art-objects\/gallo-e-gallina-coppia\/\" \/>\n<meta property=\"og:site_name\" content=\"Galleria d&#039;arte L&#039;Agora Taormina\" \/>\n<meta property=\"article:publisher\" content=\"https:\/\/www.facebook.com\/lagora.taormina\" \/>\n<meta property=\"article:modified_time\" content=\"2021-05-17T10:30:55+00:00\" \/>\n<meta property=\"og:image\" content=\"https:\/\/www.lagorataormina.com\/wp-content\/uploads\/2021\/05\/ogg-014-gallo-e-gallina-9.jpg\" \/>\n\t<meta property=\"og:image:width\" content=\"1000\" \/>\n\t<meta property=\"og:image:height\" content=\"1000\" \/>\n\t<meta property=\"og:image:type\" content=\"image\/jpeg\" \/>\n<meta name=\"twitter:card\" content=\"summary_large_image\" \/>\n<script type=\"application\/ld+json\" class=\"yoast-schema-graph\">{\"@context\":\"https:\\\/\\\/schema.org\",\"@graph\":[{\"@type\":\"WebPage\",\"@id\":\"https:\\\/\\\/www.lagorataormina.com\\\/en\\\/shop\\\/art-objects\\\/gallo-e-gallina-coppia\\\/\",\"url\":\"https:\\\/\\\/www.lagorataormina.com\\\/en\\\/shop\\\/art-objects\\\/gallo-e-gallina-coppia\\\/\",\"name\":\"Gallo e Gallina, coppia - Galleria d'arte L'Agora Taormina\",\"isPartOf\":{\"@id\":\"https:\\\/\\\/www.lagorataormina.com\\\/en\\\/#website\"},\"primaryImageOfPage\":{\"@id\":\"https:\\\/\\\/www.lagorataormina.com\\\/en\\\/shop\\\/art-objects\\\/gallo-e-gallina-coppia\\\/#primaryimage\"},\"image\":{\"@id\":\"https:\\\/\\\/www.lagorataormina.com\\\/en\\\/shop\\\/art-objects\\\/gallo-e-gallina-coppia\\\/#primaryimage\"},\"thumbnailUrl\":\"https:\\\/\\\/www.lagorataormina.com\\\/wp-content\\\/uploads\\\/2021\\\/05\\\/ogg-014-gallo-e-gallina-9.jpg\",\"datePublished\":\"2021-05-17T09:47:17+00:00\",\"dateModified\":\"2021-05-17T10:30:55+00:00\",\"description\":\"Il gallo e la gallina sono simboli forti ed evocativi nella cultura cristiana. Usati nella tradizione russa come regalo di Pasqua.\",\"breadcrumb\":{\"@id\":\"https:\\\/\\\/www.lagorataormina.com\\\/en\\\/shop\\\/art-objects\\\/gallo-e-gallina-coppia\\\/#breadcrumb\"},\"inLanguage\":\"en-US\",\"potentialAction\":[{\"@type\":\"ReadAction\",\"target\":[\"https:\\\/\\\/www.lagorataormina.com\\\/en\\\/shop\\\/art-objects\\\/gallo-e-gallina-coppia\\\/\"]}]},{\"@type\":\"ImageObject\",\"inLanguage\":\"en-US\",\"@id\":\"https:\\\/\\\/www.lagorataormina.com\\\/en\\\/shop\\\/art-objects\\\/gallo-e-gallina-coppia\\\/#primaryimage\",\"url\":\"https:\\\/\\\/www.lagorataormina.com\\\/wp-content\\\/uploads\\\/2021\\\/05\\\/ogg-014-gallo-e-gallina-9.jpg\",\"contentUrl\":\"https:\\\/\\\/www.lagorataormina.com\\\/wp-content\\\/uploads\\\/2021\\\/05\\\/ogg-014-gallo-e-gallina-9.jpg\",\"width\":1000,\"height\":1000},{\"@type\":\"BreadcrumbList\",\"@id\":\"https:\\\/\\\/www.lagorataormina.com\\\/en\\\/shop\\\/art-objects\\\/gallo-e-gallina-coppia\\\/#breadcrumb\",\"itemListElement\":[{\"@type\":\"ListItem\",\"position\":1,\"name\":\"Home\",\"item\":\"https:\\\/\\\/www.lagorataormina.com\\\/en\\\/\"},{\"@type\":\"ListItem\",\"position\":2,\"name\":\"Shop\",\"item\":\"https:\\\/\\\/www.lagorataormina.com\\\/negozio\\\/\"},{\"@type\":\"ListItem\",\"position\":3,\"name\":\"Art Objects\",\"item\":\"https:\\\/\\\/www.lagorataormina.com\\\/en\\\/category\\\/art-objects\\\/\"},{\"@type\":\"ListItem\",\"position\":4,\"name\":\"Gallo e Gallina, coppia\"}]},{\"@type\":\"WebSite\",\"@id\":\"https:\\\/\\\/www.lagorataormina.com\\\/en\\\/#website\",\"url\":\"https:\\\/\\\/www.lagorataormina.com\\\/en\\\/\",\"name\":\"Galleria d'arte L'Agora Taormina\",\"description\":\"Passione di famiglia\",\"publisher\":{\"@id\":\"https:\\\/\\\/www.lagorataormina.com\\\/en\\\/#organization\"},\"potentialAction\":[{\"@type\":\"SearchAction\",\"target\":{\"@type\":\"EntryPoint\",\"urlTemplate\":\"https:\\\/\\\/www.lagorataormina.com\\\/en\\\/?s={search_term_string}\"},\"query-input\":{\"@type\":\"PropertyValueSpecification\",\"valueRequired\":true,\"valueName\":\"search_term_string\"}}],\"inLanguage\":\"en-US\"},{\"@type\":\"Organization\",\"@id\":\"https:\\\/\\\/www.lagorataormina.com\\\/en\\\/#organization\",\"name\":\"L'Agor\u00e0 Taormina\",\"url\":\"https:\\\/\\\/www.lagorataormina.com\\\/en\\\/\",\"logo\":{\"@type\":\"ImageObject\",\"inLanguage\":\"en-US\",\"@id\":\"https:\\\/\\\/www.lagorataormina.com\\\/en\\\/#\\\/schema\\\/logo\\\/image\\\/\",\"url\":\"\",\"contentUrl\":\"\",\"caption\":\"L'Agor\u00e0 Taormina\"},\"image\":{\"@id\":\"https:\\\/\\\/www.lagorataormina.com\\\/en\\\/#\\\/schema\\\/logo\\\/image\\\/\"},\"sameAs\":[\"https:\\\/\\\/www.facebook.com\\\/lagora.taormina\",\"https:\\\/\\\/www.instagram.com\\\/lagora_taormina\\\/\"]}]}<\/script>\n<!-- \/ Yoast SEO plugin. -->","yoast_head_json":{"title":"Gallo e Gallina, coppia - Galleria d'arte L'Agora Taormina","description":"Il gallo e la gallina sono simboli forti ed evocativi nella cultura cristiana. Usati nella tradizione russa come regalo di Pasqua.","robots":{"index":"index","follow":"follow","max-snippet":"max-snippet:-1","max-image-preview":"max-image-preview:large","max-video-preview":"max-video-preview:-1"},"canonical":"https:\/\/www.lagorataormina.com\/en\/shop\/art-objects\/gallo-e-gallina-coppia\/","og_locale":"en_US","og_type":"article","og_title":"Gallo e Gallina, coppia - Galleria d'arte L'Agora Taormina","og_description":"Il gallo e la gallina sono simboli forti ed evocativi nella cultura cristiana. Usati nella tradizione russa come regalo di Pasqua.","og_url":"https:\/\/www.lagorataormina.com\/en\/shop\/art-objects\/gallo-e-gallina-coppia\/","og_site_name":"Galleria d'arte L'Agora Taormina","article_publisher":"https:\/\/www.facebook.com\/lagora.taormina","article_modified_time":"2021-05-17T10:30:55+00:00","og_image":[{"width":1000,"height":1000,"url":"https:\/\/www.lagorataormina.com\/wp-content\/uploads\/2021\/05\/ogg-014-gallo-e-gallina-9.jpg","type":"image\/jpeg"}],"twitter_card":"summary_large_image","schema":{"@context":"https:\/\/schema.org","@graph":[{"@type":"WebPage","@id":"https:\/\/www.lagorataormina.com\/en\/shop\/art-objects\/gallo-e-gallina-coppia\/","url":"https:\/\/www.lagorataormina.com\/en\/shop\/art-objects\/gallo-e-gallina-coppia\/","name":"Gallo e Gallina, coppia - Galleria d'arte L'Agora Taormina","isPartOf":{"@id":"https:\/\/www.lagorataormina.com\/en\/#website"},"primaryImageOfPage":{"@id":"https:\/\/www.lagorataormina.com\/en\/shop\/art-objects\/gallo-e-gallina-coppia\/#primaryimage"},"image":{"@id":"https:\/\/www.lagorataormina.com\/en\/shop\/art-objects\/gallo-e-gallina-coppia\/#primaryimage"},"thumbnailUrl":"https:\/\/www.lagorataormina.com\/wp-content\/uploads\/2021\/05\/ogg-014-gallo-e-gallina-9.jpg","datePublished":"2021-05-17T09:47:17+00:00","dateModified":"2021-05-17T10:30:55+00:00","description":"Il gallo e la gallina sono simboli forti ed evocativi nella cultura cristiana. Usati nella tradizione russa come regalo di Pasqua.","breadcrumb":{"@id":"https:\/\/www.lagorataormina.com\/en\/shop\/art-objects\/gallo-e-gallina-coppia\/#breadcrumb"},"inLanguage":"en-US","potentialAction":[{"@type":"ReadAction","target":["https:\/\/www.lagorataormina.com\/en\/shop\/art-objects\/gallo-e-gallina-coppia\/"]}]},{"@type":"ImageObject","inLanguage":"en-US","@id":"https:\/\/www.lagorataormina.com\/en\/shop\/art-objects\/gallo-e-gallina-coppia\/#primaryimage","url":"https:\/\/www.lagorataormina.com\/wp-content\/uploads\/2021\/05\/ogg-014-gallo-e-gallina-9.jpg","contentUrl":"https:\/\/www.lagorataormina.com\/wp-content\/uploads\/2021\/05\/ogg-014-gallo-e-gallina-9.jpg","width":1000,"height":1000},{"@type":"BreadcrumbList","@id":"https:\/\/www.lagorataormina.com\/en\/shop\/art-objects\/gallo-e-gallina-coppia\/#breadcrumb","itemListElement":[{"@type":"ListItem","position":1,"name":"Home","item":"https:\/\/www.lagorataormina.com\/en\/"},{"@type":"ListItem","position":2,"name":"Shop","item":"https:\/\/www.lagorataormina.com\/negozio\/"},{"@type":"ListItem","position":3,"name":"Art Objects","item":"https:\/\/www.lagorataormina.com\/en\/category\/art-objects\/"},{"@type":"ListItem","position":4,"name":"Gallo e Gallina, coppia"}]},{"@type":"WebSite","@id":"https:\/\/www.lagorataormina.com\/en\/#website","url":"https:\/\/www.lagorataormina.com\/en\/","name":"Galleria d'arte L'Agora Taormina","description":"Passione di famiglia","publisher":{"@id":"https:\/\/www.lagorataormina.com\/en\/#organization"},"potentialAction":[{"@type":"SearchAction","target":{"@type":"EntryPoint","urlTemplate":"https:\/\/www.lagorataormina.com\/en\/?s={search_term_string}"},"query-input":{"@type":"PropertyValueSpecification","valueRequired":true,"valueName":"search_term_string"}}],"inLanguage":"en-US"},{"@type":"Organization","@id":"https:\/\/www.lagorataormina.com\/en\/#organization","name":"L'Agor\u00e0 Taormina","url":"https:\/\/www.lagorataormina.com\/en\/","logo":{"@type":"ImageObject","inLanguage":"en-US","@id":"https:\/\/www.lagorataormina.com\/en\/#\/schema\/logo\/image\/","url":"","contentUrl":"","caption":"L'Agor\u00e0 Taormina"},"image":{"@id":"https:\/\/www.lagorataormina.com\/en\/#\/schema\/logo\/image\/"},"sameAs":["https:\/\/www.facebook.com\/lagora.taormina","https:\/\/www.instagram.com\/lagora_taormina\/"]}]}},"_links":{"self":[{"href":"https:\/\/www.lagorataormina.com\/en\/wp-json\/wp\/v2\/product\/5986","targetHints":{"allow":["GET"]}}],"collection":[{"href":"https:\/\/www.lagorataormina.com\/en\/wp-json\/wp\/v2\/product"}],"about":[{"href":"https:\/\/www.lagorataormina.com\/en\/wp-json\/wp\/v2\/types\/product"}],"version-history":[{"count":0,"href":"https:\/\/www.lagorataormina.com\/en\/wp-json\/wp\/v2\/product\/5986\/revisions"}],"wp:featuredmedia":[{"embeddable":true,"href":"https:\/\/www.lagorataormina.com\/en\/wp-json\/wp\/v2\/media\/5994"}],"wp:attachment":[{"href":"https:\/\/www.lagorataormina.com\/en\/wp-json\/wp\/v2\/media?parent=5986"}],"wp:term":[{"taxonomy":"product_brand","embeddable":true,"href":"https:\/\/www.lagorataormina.com\/en\/wp-json\/wp\/v2\/product_brand?post=5986"},{"taxonomy":"product_cat","embeddable":true,"href":"https:\/\/www.lagorataormina.com\/en\/wp-json\/wp\/v2\/product_cat?post=5986"},{"taxonomy":"product_tag","embeddable":true,"href":"https:\/\/www.lagorataormina.com\/en\/wp-json\/wp\/v2\/product_tag?post=5986"}],"curies":[{"name":"wp","href":"https:\/\/api.w.org\/{rel}","templated":true}]}}